{"id":2794,"date":"2022-10-01T09:48:02","date_gmt":"2022-10-01T09:48:02","guid":{"rendered":"https:\/\/inets.net\/?page_id=2794"},"modified":"2022-10-03T20:26:25","modified_gmt":"2022-10-04T03:26:25","slug":"tuyen-dung-1","status":"publish","type":"page","link":"https:\/\/inets.net\/en\/tuyen-dung-1\/","title":{"rendered":"Tuy\u1ec3n d\u1ee5ng 1"},"content":{"rendered":"<div data-elementor-type=\"wp-page\" data-elementor-id=\"2794\" class=\"elementor elementor-2794\">\n\t\t\t\t\t\t\t\t\t<section class=\"elementor-section elementor-top-section elementor-element elementor-element-12dbb57 elementor-section-height-min-height elementor-section-boxed elementor-section-height-default elementor-section-items-middle\" data-id=\"12dbb57\" data-element_type=\"section\" data-settings=\"{&quot;background_background&quot;:&quot;classic&quot;}\">\n\t\t\t\t\t\t<div class=\"elementor-container elementor-column-gap-default\">\n\t\t\t\t\t<div class=\"elementor-column elementor-col-100 elementor-top-column elementor-element elementor-element-9168a64\" data-id=\"9168a64\" data-element_type=\"column\">\n\t\t\t<div class=\"elementor-widget-wrap elementor-element-populated\">\n\t\t\t\t\t\t\t\t<div class=\"elementor-element elementor-element-d809a0b elementor-hidden-widescreen elementor-hidden-desktop elementor-hidden-laptop elementor-widget elementor-widget-spacer\" data-id=\"d809a0b\" data-element_type=\"widget\" data-widget_type=\"spacer.default\">\n\t\t\t\t<div class=\"elementor-widget-container\">\n\t\t\t<style>\/*! elementor - v3.8.0 - 30-10-2022 *\/\n.elementor-column .elementor-spacer-inner{height:var(--spacer-size)}.e-con{--container-widget-width:100%}.e-con-inner>.elementor-widget-spacer,.e-con>.elementor-widget-spacer{width:var(--container-widget-width,var(--spacer-size));-ms-flex-item-align:stretch;align-self:stretch;-ms-flex-negative:0;flex-shrink:0}.e-con-inner>.elementor-widget-spacer>.elementor-widget-container,.e-con-inner>.elementor-widget-spacer>.elementor-widget-container>.elementor-spacer,.e-con>.elementor-widget-spacer>.elementor-widget-container,.e-con>.elementor-widget-spacer>.elementor-widget-container>.elementor-spacer{height:100%}.e-con-inner>.elementor-widget-spacer>.elementor-widget-container>.elementor-spacer>.elementor-spacer-inner,.e-con>.elementor-widget-spacer>.elementor-widget-container>.elementor-spacer>.elementor-spacer-inner{height:var(--container-widget-height,var(--spacer-size))}<\/style>\t\t<div class=\"elementor-spacer\">\n\t\t\t<div class=\"elementor-spacer-inner\"><\/div>\n\t\t<\/div>\n\t\t\t\t<\/div>\n\t\t\t\t<\/div>\n\t\t\t\t<div class=\"elementor-element elementor-element-782b666 elementor-widget elementor-widget-heading\" data-id=\"782b666\" data-element_type=\"widget\" data-widget_type=\"heading.default\">\n\t\t\t\t<div class=\"elementor-widget-container\">\n\t\t\t<style>\/*! elementor - v3.8.0 - 30-10-2022 *\/\n.elementor-heading-title{padding:0;margin:0;line-height:1}.elementor-widget-heading .elementor-heading-title[class*=elementor-size-]>a{color:inherit;font-size:inherit;line-height:inherit}.elementor-widget-heading .elementor-heading-title.elementor-size-small{font-size:15px}.elementor-widget-heading .elementor-heading-title.elementor-size-medium{font-size:19px}.elementor-widget-heading .elementor-heading-title.elementor-size-large{font-size:29px}.elementor-widget-heading .elementor-heading-title.elementor-size-xl{font-size:39px}.elementor-widget-heading .elementor-heading-title.elementor-size-xxl{font-size:59px}<\/style><h1 class=\"elementor-heading-title elementor-size-default\">Careers<\/h1>\t\t<\/div>\n\t\t\t\t<\/div>\n\t\t\t\t\t<\/div>\n\t\t<\/div>\n\t\t\t\t\t\t\t<\/div>\n\t\t<\/section>\n\t\t\t\t<section class=\"elementor-section elementor-top-section elementor-element elementor-element-c9c43ad elementor-section-boxed elementor-section-height-default elementor-section-height-default\" data-id=\"c9c43ad\" data-element_type=\"section\">\n\t\t\t\t\t\t<div class=\"elementor-container elementor-column-gap-default\">\n\t\t\t\t\t<div class=\"elementor-column elementor-col-33 elementor-top-column elementor-element elementor-element-9d72133\" data-id=\"9d72133\" data-element_type=\"column\">\n\t\t\t<div class=\"elementor-widget-wrap\">\n\t\t\t\t\t\t\t\t\t<\/div>\n\t\t<\/div>\n\t\t\t\t<div class=\"elementor-column elementor-col-33 elementor-top-column elementor-element elementor-element-bbd4b61\" data-id=\"bbd4b61\" data-element_type=\"column\">\n\t\t\t<div class=\"elementor-widget-wrap elementor-element-populated\">\n\t\t\t\t\t\t\t\t<div class=\"elementor-element elementor-element-3656d92 elementor-widget elementor-widget-spacer\" data-id=\"3656d92\" data-element_type=\"widget\" data-widget_type=\"spacer.default\">\n\t\t\t\t<div class=\"elementor-widget-container\">\n\t\t\t\t\t<div class=\"elementor-spacer\">\n\t\t\t<div class=\"elementor-spacer-inner\"><\/div>\n\t\t<\/div>\n\t\t\t\t<\/div>\n\t\t\t\t<\/div>\n\t\t\t\t<div class=\"elementor-element elementor-element-e8a8e10 elementor-widget elementor-widget-heading\" data-id=\"e8a8e10\" data-element_type=\"widget\" data-widget_type=\"heading.default\">\n\t\t\t\t<div class=\"elementor-widget-container\">\n\t\t\t<h2 class=\"elementor-heading-title elementor-size-default\">Nh\u00e2n vi\u00ean ch\u0103m s\u00f3c kh\u00e1ch h\u00e0ng<\/h2>\t\t<\/div>\n\t\t\t\t<\/div>\n\t\t\t\t<div class=\"elementor-element elementor-element-7ae37ba elementor-widget elementor-widget-heading\" data-id=\"7ae37ba\" data-element_type=\"widget\" data-widget_type=\"heading.default\">\n\t\t\t\t<div class=\"elementor-widget-container\">\n\t\t\t<h2 class=\"elementor-heading-title elementor-size-default\">\u0110\u1ecba \u0111i\u1ec3m l\u00e0m vi\u1ec7c: 247 C\u1ea7u gi\u1ea5y, H\u00e0 N\u1ed9i.\n<br>\nM\u1ee9c l\u01b0\u01a1ng: 8-12 tri\u1ec7u \u0111\u1ed3ng\/th\u00e1ng + Th\u01b0\u1edfng KPI t\u1eeb kh\u00f3a.\n<br>\nS\u1ed1 l\u01b0\u1ee3ng c\u1ea7n tuy\u1ec3n: 2.<\/h2>\t\t<\/div>\n\t\t\t\t<\/div>\n\t\t\t\t<div class=\"elementor-element elementor-element-ca061ae elementor-widget elementor-widget-text-editor\" data-id=\"ca061ae\" data-element_type=\"widget\" data-widget_type=\"text-editor.default\">\n\t\t\t\t<div class=\"elementor-widget-container\">\n\t\t\t<style>\/*! elementor - v3.8.0 - 30-10-2022 *\/\n.elementor-widget-text-editor.elementor-drop-cap-view-stacked .elementor-drop-cap{background-color:#818a91;color:#fff}.elementor-widget-text-editor.elementor-drop-cap-view-framed .elementor-drop-cap{color:#818a91;border:3px solid;background-color:transparent}.elementor-widget-text-editor:not(.elementor-drop-cap-view-default) .elementor-drop-cap{margin-top:8px}.elementor-widget-text-editor:not(.elementor-drop-cap-view-default) .elementor-drop-cap-letter{width:1em;height:1em}.elementor-widget-text-editor .elementor-drop-cap{float:left;text-align:center;line-height:1;font-size:50px}.elementor-widget-text-editor .elementor-drop-cap-letter{display:inline-block}<\/style>\t\t\t\tM\u00d4 T\u1ea2 C\u00d4NG VI\u1ec6C:\n<br>\n&#8211; Qu\u1ea3n l\u00fd, x\u00e2y d\u1ef1ng h\u1ec7 th\u1ed1ng website ch\u00ednh, web v\u1ec7 tinh c\u1ee7a c\u00f4ng ty.\n<br>\n&#8211; L\u1eadp k\u1ebf ho\u1ea1ch, th\u1ef1c hi\u1ec7n v\u00e0 qu\u1ea3n l\u00fd quy tr\u00ecnh SEO t\u1ed5ng th\u1ec3 website c\u1ee7a c\u00f4ng ty.\n<br>\n&#8211; Th\u1ef1c hi\u1ec7n t\u1ed1i \u01b0u ho\u00e1 onpage, offpage, Social, link buiding\u2026 \u0111\u1ec3 \u0111\u01b0a website l\u00ean top.\n<br>\n&#8211; Qu\u1ea3n l\u00fd, \u0111\u00e0o t\u1ea1o, giao vi\u1ec7c cho c\u1ed9ng t\u00e1c vi\u00ean, th\u1ef1c t\u1eadp sinh ph\u1ee5c v\u1ee5 cho k\u1ebf ho\u1ea1ch SEO \u0111\u00e3 \u0111\u01b0a ra.\n<br>\n&#8211; X\u00e2y d\u1ef1ng, ph\u00e1t tri\u1ec3n c\u00e1c n\u1ed9i dung h\u1eefu \u00edch t\u0103ng l\u01b0\u1ee3ng truy c\u1eadp, h\u1ed7 tr\u1ee3 \u0111\u1ea9y t\u1eeb kho\u00e1.\n<br>\n&#8211; Nghi\u00ean c\u1ee9u, \u0111\u1ec1 xu\u1ea5t, tri\u1ec3n khai c\u00e1c ph\u01b0\u01a1ng \u00e1n, c\u00f4ng c\u1ee5 ph\u1ee5c cho c\u00f4ng vi\u1ec7c.\n<br>\n&#8211; Theo d\u00f5i, \u0111o l\u01b0\u1eddng, b\u00e1o c\u00e1o k\u1ebft qu\u1ea3 c\u1ee7a chi\u1ebfn d\u1ecbch SEO cho Tr\u01b0\u1edfng B\u1ed9 ph\u1eadn.\n<br>\nQUY\u1ec0N L\u1ee2I \u0110\u01af\u1ee2C H\u01af\u1edeNG:\n<br>\n&#8211; L\u01b0\u01a1ng c\u1ee9ng t\u1eeb 8-12 tri\u1ec7u \u0111\u1ed3ng\/th\u00e1ng + Th\u01b0\u1edfng\n<br>\n&#8211; Th\u01b0\u1edfng KPI t\u1eeb kh\u00f3a h\u00e0ng th\u00e1ng; th\u01b0\u1edfng d\u1ef1 \u00e1n, chi\u1ebfn d\u1ecbch Marketing.\n<br>\n&#8211; L\u01b0\u01a1ng th\u00e1ng 13.\n<br>\n&#8211; Th\u01b0\u1edfng k\u1ebft qu\u1ea3 kinh doanh n\u0103m (t\u1ebft \u00e2m l\u1ecbch).\n<br>\n&#8211; Ch\u1ebf \u0111\u1ed9 ph\u00fac l\u1ee3i: BHXH, th\u01b0\u1edfng l\u1ec5\/t\u1ebft\/sinh nh\u1eadt\/trung thu&#8230;, hi\u1ebfu\/h\u1ec9&#8230;\n<br>\n&#8211; Ngh\u1ec9 h\u00e8, ngh\u1ec9 \u0111\u00f4ng, du xu\u00e2n, teambuilding v\u00e0 \u0111a d\u1ea1ng c\u00e1c ho\u1ea1t \u0111\u1ed9ng n\u1ed9i b\u1ed9&#8230;\n<br>\n&#8211; C\u01a1 h\u1ed9i h\u1ecdc t\u1eadp, \u0111\u01b0\u1ee3c \u0111\u00e0o t\u1ea1o li\u00ean t\u1ee5c trong v\u00e0 c\u00e1c kh\u00f3a h\u1ecdc ngo\u00e0i c\u00f4ng ty.\n<br>\n&#8211; M\u00f4i tr\u01b0\u1eddng l\u00e0m vi\u1ec7c th\u00e2n thi\u1ec7n, minh b\u1ea1ch, l\u00e0nh m\u1ea1nh v\u00e0 c\u00f4ng b\u1eb1ng.\n<br>\n&#8211; C\u01a1 h\u1ed9i th\u0103ng ti\u1ebfn chuy\u00ean m\u00f4n, qu\u1ea3n l\u00fd \u1edf c\u00e1c v\u1ecb tr\u00ed cao h\u01a1n c\u1ee5 th\u1ec3, r\u00f5 r\u00e0ng.\n<br>\n&#8211; \u0102n tr\u01b0a FREE t\u1ea1i canteen c\u00f4ng ty.\n<br>\nY\u00caU C\u1ea6U C\u00d4NG VI\u1ec6C:\n<br>\n&#8211; \u1ee8ng vi\u00ean n\u1eafm v\u1eefng ki\u1ebfn th\u1ee9c SEO, c\u00e1c c\u00f4ng c\u1ee5 h\u1ed7 tr\u1ee3 SEO.\n<br>\n&#8211; \u1ee8ng vi\u00ean c\u00f3 kh\u1ea3 n\u0103ng nghi\u00ean c\u1ee9u, ph\u00e2n t\u00edch, l\u1eadp k\u1ebf ho\u1ea1ch th\u1ef1c thi c\u00f4ng vi\u1ec7c SEO.\n<br>\n&#8211; C\u00f3 kinh nghi\u1ec7m th\u1ef1c chi\u1ebfn trong l\u0129nh v\u1ef1c SEO \u00edt nh\u1ea5t 1 n\u0103m.\n<br>\n&#8211; C\u00f3 k\u1ef9 n\u0103ng qu\u1ea3n l\u00fd, \u0111\u00e0o t\u1ea1o nh\u00e2n s\u1ef1 h\u1ed7 tr\u1ee3 m\u00ecnh th\u1ef1c hi\u1ec7n k\u1ebf ho\u1ea1ch \u0111\u1ec1 ra.\n<br>\n&#8211; Ham t\u00ecm t\u00f2i h\u1ecdc h\u1ecfi, c\u1ea7u th\u1ecb, mong mu\u1ed1n ph\u00e1t tri\u1ec3n b\u1ea3n th\u00e2n.\n&#8211; \u01afu ti\u00ean \u1ee9ng vi\u00ean c\u00f3 hi\u1ec3u bi\u1ebft v\u1ec1 l\u0129nh v\u1ef1c website\/ b\u00e1n h\u00e0ng.\n\n\t\t\t\t\t\t<\/div>\n\t\t\t\t<\/div>\n\t\t\t\t<div class=\"elementor-element elementor-element-5c76ad7 elementor-widget elementor-widget-spacer\" data-id=\"5c76ad7\" data-element_type=\"widget\" data-widget_type=\"spacer.default\">\n\t\t\t\t<div class=\"elementor-widget-container\">\n\t\t\t\t\t<div class=\"elementor-spacer\">\n\t\t\t<div class=\"elementor-spacer-inner\"><\/div>\n\t\t<\/div>\n\t\t\t\t<\/div>\n\t\t\t\t<\/div>\n\t\t\t\t<div class=\"elementor-element elementor-element-65c373d elementor-widget elementor-widget-text-editor\" data-id=\"65c373d\" data-element_type=\"widget\" data-widget_type=\"text-editor.default\">\n\t\t\t\t<div class=\"elementor-widget-container\">\n\t\t\t\t\t\t\t<p>H\u00e3y g\u1eedi th\u00f4ng tin \u1ee9ng tuy\u1ec3n cho ch\u00fang t\u00f4i qua mail <em>hr@inet.vn<\/em><\/p>\t\t\t\t\t\t<\/div>\n\t\t\t\t<\/div>\n\t\t\t\t<div class=\"elementor-element elementor-element-81f24c5 elementor-widget elementor-widget-spacer\" data-id=\"81f24c5\" data-element_type=\"widget\" data-widget_type=\"spacer.default\">\n\t\t\t\t<div class=\"elementor-widget-container\">\n\t\t\t\t\t<div class=\"elementor-spacer\">\n\t\t\t<div class=\"elementor-spacer-inner\"><\/div>\n\t\t<\/div>\n\t\t\t\t<\/div>\n\t\t\t\t<\/div>\n\t\t\t\t\t<\/div>\n\t\t<\/div>\n\t\t\t\t<div class=\"elementor-column elementor-col-33 elementor-top-column elementor-element elementor-element-4b249e0\" data-id=\"4b249e0\" data-element_type=\"column\">\n\t\t\t<div class=\"elementor-widget-wrap\">\n\t\t\t\t\t\t\t\t\t<\/div>\n\t\t<\/div>\n\t\t\t\t\t\t\t<\/div>\n\t\t<\/section>\n\t\t\t\t\t\t\t<\/div>","protected":false},"excerpt":{"rendered":"<p>Tuy\u1ec3n d\u1ee5ng Nh\u00e2n vi\u00ean ch\u0103m s\u00f3c kh\u00e1ch h\u00e0ng \u0110\u1ecba \u0111i\u1ec3m l\u00e0m vi\u1ec7c: 247 C\u1ea7u gi\u1ea5y, H\u00e0 N\u1ed9i. M\u1ee9c l\u01b0\u01a1ng: 8-12 tri\u1ec7u \u0111\u1ed3ng\/th\u00e1ng + Th\u01b0\u1edfng KPI t\u1eeb kh\u00f3a. S\u1ed1 l\u01b0\u1ee3ng c\u1ea7n tuy\u1ec3n: 2. M\u00d4 T\u1ea2 C\u00d4NG VI\u1ec6C: &#8211; Qu\u1ea3n l\u00fd, x\u00e2y d\u1ef1ng h\u1ec7 th\u1ed1ng website ch\u00ednh, web v\u1ec7 tinh c\u1ee7a c\u00f4ng ty. &#8211; L\u1eadp k\u1ebf ho\u1ea1ch, [&hellip;]<\/p>","protected":false},"author":1,"featured_media":0,"parent":0,"menu_order":0,"comment_status":"closed","ping_status":"closed","template":"","meta":{"footnotes":""},"class_list":["post-2794","page","type-page","status-publish","hentry"],"yoast_head":"<!-- This site is optimized with the Yoast SEO plugin v20.3 - https:\/\/yoast.com\/wordpress\/plugins\/seo\/ -->\n<title>Tuy\u1ec3n d\u1ee5ng 1 - INET SOLUTION CORP<\/title>\n<meta name=\"robots\" content=\"index, follow, max-snippet:-1, max-image-preview:large, max-video-preview:-1\" \/>\n<link rel=\"canonical\" href=\"https:\/\/inets.net\/en\/tuyen-dung-1\/\" \/>\n<meta property=\"og:locale\" content=\"en_GB\" \/>\n<meta property=\"og:type\" content=\"article\" \/>\n<meta property=\"og:title\" content=\"Tuy\u1ec3n d\u1ee5ng 1 - INET SOLUTION CORP\" \/>\n<meta property=\"og:description\" content=\"Tuy\u1ec3n d\u1ee5ng Nh\u00e2n vi\u00ean ch\u0103m s\u00f3c kh\u00e1ch h\u00e0ng \u0110\u1ecba \u0111i\u1ec3m l\u00e0m vi\u1ec7c: 247 C\u1ea7u gi\u1ea5y, H\u00e0 N\u1ed9i. M\u1ee9c l\u01b0\u01a1ng: 8-12 tri\u1ec7u \u0111\u1ed3ng\/th\u00e1ng + Th\u01b0\u1edfng KPI t\u1eeb kh\u00f3a. S\u1ed1 l\u01b0\u1ee3ng c\u1ea7n tuy\u1ec3n: 2. M\u00d4 T\u1ea2 C\u00d4NG VI\u1ec6C: &#8211; Qu\u1ea3n l\u00fd, x\u00e2y d\u1ef1ng h\u1ec7 th\u1ed1ng website ch\u00ednh, web v\u1ec7 tinh c\u1ee7a c\u00f4ng ty. &#8211; L\u1eadp k\u1ebf ho\u1ea1ch, [&hellip;]\" \/>\n<meta property=\"og:url\" content=\"https:\/\/inets.net\/en\/tuyen-dung-1\/\" \/>\n<meta property=\"og:site_name\" content=\"INET SOLUTION CORP\" \/>\n<meta property=\"article:modified_time\" content=\"2022-10-04T03:26:25+00:00\" \/>\n<meta name=\"twitter:card\" content=\"summary_large_image\" \/>\n<meta name=\"twitter:label1\" content=\"Estimated reading time\" \/>\n\t<meta name=\"twitter:data1\" content=\"3 minutes\" \/>\n<script type=\"application\/ld+json\" class=\"yoast-schema-graph\">{\"@context\":\"https:\/\/schema.org\",\"@graph\":[{\"@type\":\"WebPage\",\"@id\":\"https:\/\/inets.net\/tuyen-dung-1\/\",\"url\":\"https:\/\/inets.net\/tuyen-dung-1\/\",\"name\":\"Tuy\u1ec3n d\u1ee5ng 1 - INET SOLUTION CORP\",\"isPartOf\":{\"@id\":\"https:\/\/inets.net\/#website\"},\"datePublished\":\"2022-10-01T09:48:02+00:00\",\"dateModified\":\"2022-10-04T03:26:25+00:00\",\"breadcrumb\":{\"@id\":\"https:\/\/inets.net\/tuyen-dung-1\/#breadcrumb\"},\"inLanguage\":\"en-GB\",\"potentialAction\":[{\"@type\":\"ReadAction\",\"target\":[\"https:\/\/inets.net\/tuyen-dung-1\/\"]}]},{\"@type\":\"BreadcrumbList\",\"@id\":\"https:\/\/inets.net\/tuyen-dung-1\/#breadcrumb\",\"itemListElement\":[{\"@type\":\"ListItem\",\"position\":1,\"name\":\"Home\",\"item\":\"https:\/\/inets.net\/\"},{\"@type\":\"ListItem\",\"position\":2,\"name\":\"Tuy\u1ec3n d\u1ee5ng 1\"}]},{\"@type\":\"WebSite\",\"@id\":\"https:\/\/inets.net\/#website\",\"url\":\"https:\/\/inets.net\/\",\"name\":\"INET SOLUTION CORP\",\"description\":\"Chuy\u00ean gia cung c\u1ea5p c\u00e1c gi\u1ea3i ph\u00e1p c\u00f4ng ngh\u1ec7 th\u00f4ng minh\",\"publisher\":{\"@id\":\"https:\/\/inets.net\/#organization\"},\"potentialAction\":[{\"@type\":\"SearchAction\",\"target\":{\"@type\":\"EntryPoint\",\"urlTemplate\":\"https:\/\/inets.net\/?s={search_term_string}\"},\"query-input\":\"required name=search_term_string\"}],\"inLanguage\":\"en-GB\"},{\"@type\":\"Organization\",\"@id\":\"https:\/\/inets.net\/#organization\",\"name\":\"INET SOLUTION CORP\",\"url\":\"https:\/\/inets.net\/\",\"logo\":{\"@type\":\"ImageObject\",\"inLanguage\":\"en-GB\",\"@id\":\"https:\/\/inets.net\/#\/schema\/logo\/image\/\",\"url\":\"https:\/\/inets.net\/wp-content\/uploads\/2022\/09\/cropped-Rectangle-13-2.png\",\"contentUrl\":\"https:\/\/inets.net\/wp-content\/uploads\/2022\/09\/cropped-Rectangle-13-2.png\",\"width\":160,\"height\":60,\"caption\":\"INET SOLUTION CORP\"},\"image\":{\"@id\":\"https:\/\/inets.net\/#\/schema\/logo\/image\/\"}}]}<\/script>\n<!-- \/ Yoast SEO plugin. -->","yoast_head_json":{"title":"Tuy\u1ec3n d\u1ee5ng 1 - INET SOLUTION CORP","robots":{"index":"index","follow":"follow","max-snippet":"max-snippet:-1","max-image-preview":"max-image-preview:large","max-video-preview":"max-video-preview:-1"},"canonical":"https:\/\/inets.net\/en\/tuyen-dung-1\/","og_locale":"en_GB","og_type":"article","og_title":"Tuy\u1ec3n d\u1ee5ng 1 - INET SOLUTION CORP","og_description":"Tuy\u1ec3n d\u1ee5ng Nh\u00e2n vi\u00ean ch\u0103m s\u00f3c kh\u00e1ch h\u00e0ng \u0110\u1ecba \u0111i\u1ec3m l\u00e0m vi\u1ec7c: 247 C\u1ea7u gi\u1ea5y, H\u00e0 N\u1ed9i. M\u1ee9c l\u01b0\u01a1ng: 8-12 tri\u1ec7u \u0111\u1ed3ng\/th\u00e1ng + Th\u01b0\u1edfng KPI t\u1eeb kh\u00f3a. S\u1ed1 l\u01b0\u1ee3ng c\u1ea7n tuy\u1ec3n: 2. M\u00d4 T\u1ea2 C\u00d4NG VI\u1ec6C: &#8211; Qu\u1ea3n l\u00fd, x\u00e2y d\u1ef1ng h\u1ec7 th\u1ed1ng website ch\u00ednh, web v\u1ec7 tinh c\u1ee7a c\u00f4ng ty. &#8211; L\u1eadp k\u1ebf ho\u1ea1ch, [&hellip;]","og_url":"https:\/\/inets.net\/en\/tuyen-dung-1\/","og_site_name":"INET SOLUTION CORP","article_modified_time":"2022-10-04T03:26:25+00:00","twitter_card":"summary_large_image","twitter_misc":{"Estimated reading time":"3 minutes"},"schema":{"@context":"https:\/\/schema.org","@graph":[{"@type":"WebPage","@id":"https:\/\/inets.net\/tuyen-dung-1\/","url":"https:\/\/inets.net\/tuyen-dung-1\/","name":"Tuy\u1ec3n d\u1ee5ng 1 - INET SOLUTION CORP","isPartOf":{"@id":"https:\/\/inets.net\/#website"},"datePublished":"2022-10-01T09:48:02+00:00","dateModified":"2022-10-04T03:26:25+00:00","breadcrumb":{"@id":"https:\/\/inets.net\/tuyen-dung-1\/#breadcrumb"},"inLanguage":"en-GB","potentialAction":[{"@type":"ReadAction","target":["https:\/\/inets.net\/tuyen-dung-1\/"]}]},{"@type":"BreadcrumbList","@id":"https:\/\/inets.net\/tuyen-dung-1\/#breadcrumb","itemListElement":[{"@type":"ListItem","position":1,"name":"Home","item":"https:\/\/inets.net\/"},{"@type":"ListItem","position":2,"name":"Tuy\u1ec3n d\u1ee5ng 1"}]},{"@type":"WebSite","@id":"https:\/\/inets.net\/#website","url":"https:\/\/inets.net\/","name":"INET SOLUTION CORP","description":"Chuy\u00ean gia cung c\u1ea5p c\u00e1c gi\u1ea3i ph\u00e1p c\u00f4ng ngh\u1ec7 th\u00f4ng minh","publisher":{"@id":"https:\/\/inets.net\/#organization"},"potentialAction":[{"@type":"SearchAction","target":{"@type":"EntryPoint","urlTemplate":"https:\/\/inets.net\/?s={search_term_string}"},"query-input":"required name=search_term_string"}],"inLanguage":"en-GB"},{"@type":"Organization","@id":"https:\/\/inets.net\/#organization","name":"INET SOLUTION CORP","url":"https:\/\/inets.net\/","logo":{"@type":"ImageObject","inLanguage":"en-GB","@id":"https:\/\/inets.net\/#\/schema\/logo\/image\/","url":"https:\/\/inets.net\/wp-content\/uploads\/2022\/09\/cropped-Rectangle-13-2.png","contentUrl":"https:\/\/inets.net\/wp-content\/uploads\/2022\/09\/cropped-Rectangle-13-2.png","width":160,"height":60,"caption":"INET SOLUTION CORP"},"image":{"@id":"https:\/\/inets.net\/#\/schema\/logo\/image\/"}}]}},"_links":{"self":[{"href":"https:\/\/inets.net\/en\/wp-json\/wp\/v2\/pages\/2794","targetHints":{"allow":["GET"]}}],"collection":[{"href":"https:\/\/inets.net\/en\/wp-json\/wp\/v2\/pages"}],"about":[{"href":"https:\/\/inets.net\/en\/wp-json\/wp\/v2\/types\/page"}],"author":[{"embeddable":true,"href":"https:\/\/inets.net\/en\/wp-json\/wp\/v2\/users\/1"}],"replies":[{"embeddable":true,"href":"https:\/\/inets.net\/en\/wp-json\/wp\/v2\/comments?post=2794"}],"version-history":[{"count":19,"href":"https:\/\/inets.net\/en\/wp-json\/wp\/v2\/pages\/2794\/revisions"}],"predecessor-version":[{"id":2902,"href":"https:\/\/inets.net\/en\/wp-json\/wp\/v2\/pages\/2794\/revisions\/2902"}],"wp:attachment":[{"href":"https:\/\/inets.net\/en\/wp-json\/wp\/v2\/media?parent=2794"}],"curies":[{"name":"wp","href":"https:\/\/api.w.org\/{rel}","templated":true}]}}